{"id":23,"date":"2017-06-04T15:57:10","date_gmt":"2017-06-04T15:57:10","guid":{"rendered":"http:\/\/theresabachler.com\/?page_id=23"},"modified":"2023-09-21T13:53:37","modified_gmt":"2023-09-21T11:53:37","slug":"work","status":"publish","type":"page","link":"https:\/\/theresabachler.com\/?page_id=23","title":{"rendered":"FREELANCE WORK"},"content":{"rendered":"\n<p>FOR THE <strong>ESBG.AT<\/strong> (Erste Burgenl\u00e4ndische Siedlungsgenossenschaft) ARTICLES CLICK <a href=\"https:\/\/www.ebsg.at\/bd\/goodbye-plastik\">HERE<\/a>.<\/p>\n\n\n\n<figure class=\"wp-block-image size-large\"><img decoding=\"async\" loading=\"lazy\" width=\"599\" height=\"1024\" src=\"https:\/\/theresabachler.com\/wp-content\/uploads\/2023\/09\/Screenshot_20230920-123301-599x1024.png\" alt=\"\" class=\"wp-image-346\" srcset=\"https:\/\/theresabachler.com\/wp-content\/uploads\/2023\/09\/Screenshot_20230920-123301-599x1024.png 599w, https:\/\/theresabachler.com\/wp-content\/uploads\/2023\/09\/Screenshot_20230920-123301-176x300.png 176w, https:\/\/theresabachler.com\/wp-content\/uploads\/2023\/09\/Screenshot_20230920-123301-768x1313.png 768w, https:\/\/theresabachler.com\/wp-content\/uploads\/2023\/09\/Screenshot_20230920-123301-899x1536.png 899w, https:\/\/theresabachler.com\/wp-content\/uploads\/2023\/09\/Screenshot_20230920-123301-88x150.png 88w, https:\/\/theresabachler.com\/wp-content\/uploads\/2023\/09\/Screenshot_20230920-123301.png 1080w\" sizes=\"(max-width: 599px) 100vw, 599px\" \/><\/figure>\n\n\n\n<p><\/p>\n\n\n\n<p>FOR THE <strong>LUISA CERANO<\/strong> WEB-CONTENT CLICK <a href=\"https:\/\/www.luisacerano.com\/de\/de\/inspiration\/dry-indigo\">HERE<\/a>.<\/p>\n\n\n\n<figure class=\"wp-block-image size-large is-resized\"><img decoding=\"async\" loading=\"lazy\" src=\"https:\/\/theresabachler.com\/wp-content\/uploads\/2023\/09\/Screenshot_20230920-124642-623x1024.png\" alt=\"\" class=\"wp-image-351\" width=\"385\" height=\"631\"\/><\/figure>\n\n\n\n<p><\/p>\n\n\n<p>FOR THE <strong>PRYM.DE<\/strong> DIY-PROJECTS CLICK <a href=\"https:\/\/www.prym.de\/magazin\/redakteure\/theresa-sewing-is-real-art\" target=\"_blank\" rel=\"noopener noreferrer\">HERE.<\/a><\/p>\n<p><a style=\"font-size: revert;\" href=\"https:\/\/www.prym.de\/magazin\/redakteure\/theresa-sewing-is-real-art\" target=\"_blank\" rel=\"noopener noreferrer\"><img decoding=\"async\" loading=\"lazy\" class=\"alignnone wp-image-266 aligncenter\" src=\"http:\/\/theresabachler.com\/wp-content\/uploads\/2020\/10\/prym-\u00fcbesicht.jpg\" alt=\"\u00dcbersicht \u00fcber DIY-Projekte f\u00fcr PRYM.de\" width=\"784\" height=\"668\" srcset=\"https:\/\/theresabachler.com\/wp-content\/uploads\/2020\/10\/prym-\u00fcbesicht.jpg 960w, https:\/\/theresabachler.com\/wp-content\/uploads\/2020\/10\/prym-\u00fcbesicht-300x255.jpg 300w, https:\/\/theresabachler.com\/wp-content\/uploads\/2020\/10\/prym-\u00fcbesicht-768x654.jpg 768w, https:\/\/theresabachler.com\/wp-content\/uploads\/2020\/10\/prym-\u00fcbesicht-150x128.jpg 150w\" sizes=\"(max-width: 784px) 100vw, 784px\" \/><\/a><\/p>\n<p>FOR THE\u00a0<strong>INSTYLE.DE<\/strong> ARTICLES CLICK <a href=\"https:\/\/www.instyle.de\/user\/325131\" target=\"_blank\" rel=\"noopener noreferrer\">HERE<\/a>.<\/p>\n<p><a href=\"https:\/\/www.instyle.de\/autor\/theresa-bachler\" target=\"_blank\" rel=\"noopener noreferrer\"><img decoding=\"async\" loading=\"lazy\" class=\"alignnone wp-image-245 size-full\" src=\"http:\/\/theresabachler.com\/wp-content\/uploads\/2019\/03\/InStyle.jpg\" alt=\"\" width=\"790\" height=\"730\" srcset=\"https:\/\/theresabachler.com\/wp-content\/uploads\/2019\/03\/InStyle.jpg 790w, https:\/\/theresabachler.com\/wp-content\/uploads\/2019\/03\/InStyle-300x277.jpg 300w, https:\/\/theresabachler.com\/wp-content\/uploads\/2019\/03\/InStyle-768x710.jpg 768w, https:\/\/theresabachler.com\/wp-content\/uploads\/2019\/03\/InStyle-150x139.jpg 150w\" sizes=\"(max-width: 790px) 100vw, 790px\" \/><\/a><\/p>\n<p>FOR <strong>STYLIGHT<\/strong> ARTICLES CLICK <a href=\"https:\/\/www.stylight.de\/Magazine\/Author\/Bachlert\/\" target=\"_blank\" rel=\"noopener noreferrer\">HERE<\/a>.<\/p>\n<p><img decoding=\"async\" loading=\"lazy\" class=\"alignnone wp-image-320 aligncenter\" src=\"http:\/\/theresabachler.com\/wp-content\/uploads\/2017\/06\/STYLIGHT.jpg\" alt=\"\" width=\"782\" height=\"533\" srcset=\"https:\/\/theresabachler.com\/wp-content\/uploads\/2017\/06\/STYLIGHT.jpg 1096w, https:\/\/theresabachler.com\/wp-content\/uploads\/2017\/06\/STYLIGHT-300x204.jpg 300w, https:\/\/theresabachler.com\/wp-content\/uploads\/2017\/06\/STYLIGHT-768x523.jpg 768w, https:\/\/theresabachler.com\/wp-content\/uploads\/2017\/06\/STYLIGHT-1024x698.jpg 1024w, https:\/\/theresabachler.com\/wp-content\/uploads\/2017\/06\/STYLIGHT-150x102.jpg 150w, https:\/\/theresabachler.com\/wp-content\/uploads\/2017\/06\/STYLIGHT-700x477.jpg 700w\" sizes=\"(max-width: 782px) 100vw, 782px\" \/><\/p>\n<p><span style=\"font-size: revert; color: initial;\">FOR <\/span><strong style=\"font-size: revert; color: initial;\">CHRISTOPHERUS VERLAG<\/strong><span style=\"font-size: revert; color: initial;\">: CONCEPTION, DESIGN; REALIZATION, DESCRIPTION, PATTERNMAKING AND STEP BY STEP PICTURES<\/span><\/p>\n<p><img decoding=\"async\" loading=\"lazy\" class=\"alignnone wp-image-38\" src=\"http:\/\/theresabachler.com\/wp-content\/uploads\/2017\/06\/9783841064516_Coversim-276x300.jpg\" alt=\"\" width=\"606\" height=\"659\" srcset=\"https:\/\/theresabachler.com\/wp-content\/uploads\/2017\/06\/9783841064516_Coversim-276x300.jpg 276w, https:\/\/theresabachler.com\/wp-content\/uploads\/2017\/06\/9783841064516_Coversim-138x150.jpg 138w, https:\/\/theresabachler.com\/wp-content\/uploads\/2017\/06\/9783841064516_Coversim.jpg 552w\" sizes=\"(max-width: 606px) 100vw, 606px\" \/><\/p>\n<p><img decoding=\"async\" loading=\"lazy\" class=\"alignnone wp-image-44\" src=\"http:\/\/theresabachler.com\/wp-content\/uploads\/2017\/06\/Produkt\u00fcbersicht_gen\u00e4hte_Rucks\u00e4cke-300x212.jpg\" alt=\"\" width=\"809\" height=\"572\" srcset=\"https:\/\/theresabachler.com\/wp-content\/uploads\/2017\/06\/Produkt\u00fcbersicht_gen\u00e4hte_Rucks\u00e4cke-300x212.jpg 300w, https:\/\/theresabachler.com\/wp-content\/uploads\/2017\/06\/Produkt\u00fcbersicht_gen\u00e4hte_Rucks\u00e4cke-768x543.jpg 768w, https:\/\/theresabachler.com\/wp-content\/uploads\/2017\/06\/Produkt\u00fcbersicht_gen\u00e4hte_Rucks\u00e4cke-1024x724.jpg 1024w, https:\/\/theresabachler.com\/wp-content\/uploads\/2017\/06\/Produkt\u00fcbersicht_gen\u00e4hte_Rucks\u00e4cke-150x106.jpg 150w\" sizes=\"(max-width: 809px) 100vw, 809px\" \/><\/p>\n<p><img decoding=\"async\" loading=\"lazy\" class=\"alignnone wp-image-43\" src=\"http:\/\/theresabachler.com\/wp-content\/uploads\/2017\/06\/OZ6451M015_a-300x239.jpg\" alt=\"\" width=\"615\" height=\"490\" srcset=\"https:\/\/theresabachler.com\/wp-content\/uploads\/2017\/06\/OZ6451M015_a-300x239.jpg 300w, https:\/\/theresabachler.com\/wp-content\/uploads\/2017\/06\/OZ6451M015_a-150x120.jpg 150w, https:\/\/theresabachler.com\/wp-content\/uploads\/2017\/06\/OZ6451M015_a.jpg 753w\" sizes=\"(max-width: 615px) 100vw, 615px\" \/><\/p>\n<p><img decoding=\"async\" loading=\"lazy\" class=\"alignnone wp-image-42\" src=\"http:\/\/theresabachler.com\/wp-content\/uploads\/2017\/06\/OZ6451M011_d-300x250.jpg\" alt=\"\" width=\"376\" height=\"313\" srcset=\"https:\/\/theresabachler.com\/wp-content\/uploads\/2017\/06\/OZ6451M011_d-300x250.jpg 300w, https:\/\/theresabachler.com\/wp-content\/uploads\/2017\/06\/OZ6451M011_d-150x125.jpg 150w, https:\/\/theresabachler.com\/wp-content\/uploads\/2017\/06\/OZ6451M011_d.jpg 720w\" sizes=\"(max-width: 376px) 100vw, 376px\" \/><\/p>\n<p>\u00a0<\/p>\n<p>FOR <strong>PASSION PAC\/KaDeWe<\/strong>: PRODUCT DESIGN<\/p>\n<p><img decoding=\"async\" loading=\"lazy\" class=\"alignnone wp-image-48\" src=\"http:\/\/theresabachler.com\/wp-content\/uploads\/2017\/06\/New-small-handbag-225x300.jpg\" alt=\"\" width=\"611\" height=\"815\" srcset=\"https:\/\/theresabachler.com\/wp-content\/uploads\/2017\/06\/New-small-handbag-225x300.jpg 225w, https:\/\/theresabachler.com\/wp-content\/uploads\/2017\/06\/New-small-handbag-113x150.jpg 113w, https:\/\/theresabachler.com\/wp-content\/uploads\/2017\/06\/New-small-handbag.jpg 480w\" sizes=\"(max-width: 611px) 100vw, 611px\" \/><\/p>\n<p><img decoding=\"async\" loading=\"lazy\" class=\"alignnone wp-image-47\" src=\"http:\/\/theresabachler.com\/wp-content\/uploads\/2017\/06\/Regular-drawstring-bag-with-secret-pocket-225x300.jpg\" alt=\"\" width=\"615\" height=\"820\" srcset=\"https:\/\/theresabachler.com\/wp-content\/uploads\/2017\/06\/Regular-drawstring-bag-with-secret-pocket-225x300.jpg 225w, https:\/\/theresabachler.com\/wp-content\/uploads\/2017\/06\/Regular-drawstring-bag-with-secret-pocket-113x150.jpg 113w, https:\/\/theresabachler.com\/wp-content\/uploads\/2017\/06\/Regular-drawstring-bag-with-secret-pocket.jpg 480w\" sizes=\"(max-width: 615px) 100vw, 615px\" \/><\/p>\n<p>\u00a0<\/p>\n<p>FOR <strong>ELNA N\u00c4HMASCHINEN<\/strong> CUSTOMER MAGAZINE: CONCEPTION, DESIGN, DESCRIPTION, PATTERNMAKING AND REALIZATION \/ PICTURES BY JAN SCHMIEDEL<\/p>\n<p><img decoding=\"async\" loading=\"lazy\" class=\"alignnone wp-image-35\" src=\"http:\/\/theresabachler.com\/wp-content\/uploads\/2017\/06\/ElnaNZ_Sommer2016-212x300.jpg\" alt=\"\" width=\"611\" height=\"865\" srcset=\"https:\/\/theresabachler.com\/wp-content\/uploads\/2017\/06\/ElnaNZ_Sommer2016-212x300.jpg 212w, https:\/\/theresabachler.com\/wp-content\/uploads\/2017\/06\/ElnaNZ_Sommer2016-768x1086.jpg 768w, https:\/\/theresabachler.com\/wp-content\/uploads\/2017\/06\/ElnaNZ_Sommer2016-724x1024.jpg 724w, https:\/\/theresabachler.com\/wp-content\/uploads\/2017\/06\/ElnaNZ_Sommer2016-106x150.jpg 106w\" sizes=\"(max-width: 611px) 100vw, 611px\" \/><\/p>\n<p>\u00a0<\/p>\n<p><img decoding=\"async\" loading=\"lazy\" class=\"alignnone wp-image-34\" src=\"http:\/\/theresabachler.com\/wp-content\/uploads\/2017\/06\/ElnaNZ_Winter2017-212x300.jpg\" alt=\"\" width=\"610\" height=\"863\" srcset=\"https:\/\/theresabachler.com\/wp-content\/uploads\/2017\/06\/ElnaNZ_Winter2017-212x300.jpg 212w, https:\/\/theresabachler.com\/wp-content\/uploads\/2017\/06\/ElnaNZ_Winter2017-768x1086.jpg 768w, https:\/\/theresabachler.com\/wp-content\/uploads\/2017\/06\/ElnaNZ_Winter2017-724x1024.jpg 724w, https:\/\/theresabachler.com\/wp-content\/uploads\/2017\/06\/ElnaNZ_Winter2017-106x150.jpg 106w\" sizes=\"(max-width: 610px) 100vw, 610px\" \/><\/p>\n<p>\u00a0<\/p>\n<p>FOR <strong>KEJANO-SPORTS,\u00a0<\/strong>DESIGN SPORTSWEAR \/ PICTURES COPYRIGHT BY KEJANO-SPORTS<\/p>\n<p><img decoding=\"async\" loading=\"lazy\" class=\"alignnone wp-image-182\" src=\"http:\/\/theresabachler.com\/wp-content\/uploads\/2017\/06\/slideshow2-300x179.jpg\" alt=\"\" width=\"607\" height=\"362\" srcset=\"https:\/\/theresabachler.com\/wp-content\/uploads\/2017\/06\/slideshow2-300x179.jpg 300w, https:\/\/theresabachler.com\/wp-content\/uploads\/2017\/06\/slideshow2-768x457.jpg 768w, https:\/\/theresabachler.com\/wp-content\/uploads\/2017\/06\/slideshow2-150x89.jpg 150w, https:\/\/theresabachler.com\/wp-content\/uploads\/2017\/06\/slideshow2.jpg 993w\" sizes=\"(max-width: 607px) 100vw, 607px\" \/><\/p>\n<p><img decoding=\"async\" loading=\"lazy\" class=\"alignnone wp-image-183\" src=\"http:\/\/theresabachler.com\/wp-content\/uploads\/2017\/06\/slideshow3-300x179.jpg\" alt=\"\" width=\"607\" height=\"362\" srcset=\"https:\/\/theresabachler.com\/wp-content\/uploads\/2017\/06\/slideshow3-300x179.jpg 300w, https:\/\/theresabachler.com\/wp-content\/uploads\/2017\/06\/slideshow3-768x457.jpg 768w, https:\/\/theresabachler.com\/wp-content\/uploads\/2017\/06\/slideshow3-150x89.jpg 150w, https:\/\/theresabachler.com\/wp-content\/uploads\/2017\/06\/slideshow3.jpg 993w\" sizes=\"(max-width: 607px) 100vw, 607px\" \/><\/p>\n<p><img decoding=\"async\" loading=\"lazy\" class=\"alignnone wp-image-181\" src=\"http:\/\/theresabachler.com\/wp-content\/uploads\/2017\/06\/slideshow1-300x179.jpg\" alt=\"\" width=\"603\" height=\"360\" srcset=\"https:\/\/theresabachler.com\/wp-content\/uploads\/2017\/06\/slideshow1-300x179.jpg 300w, https:\/\/theresabachler.com\/wp-content\/uploads\/2017\/06\/slideshow1-768x457.jpg 768w, https:\/\/theresabachler.com\/wp-content\/uploads\/2017\/06\/slideshow1-150x89.jpg 150w, https:\/\/theresabachler.com\/wp-content\/uploads\/2017\/06\/slideshow1.jpg 993w\" sizes=\"(max-width: 603px) 100vw, 603px\" \/><\/p>\n<p>\u00a0<\/p>\n<p>FOR <strong>BURDA STYLE MAGAZINE:<\/strong>\u00a0CONCEPTION, REALIZATION AND PRODUCTION \/ PICTURES COPYRIGHT BY JAN SCHMIEDEL<\/p>\n<p><img decoding=\"async\" loading=\"lazy\" class=\"alignnone wp-image-177\" src=\"http:\/\/theresabachler.com\/wp-content\/uploads\/2017\/06\/14-11-Das-gute-St\u00fcck-\u00a9Jan-Schmiedel.jpg\" alt=\"\" width=\"608\" height=\"804\" srcset=\"https:\/\/theresabachler.com\/wp-content\/uploads\/2017\/06\/14-11-Das-gute-St\u00fcck-\u00a9Jan-Schmiedel.jpg 2454w, https:\/\/theresabachler.com\/wp-content\/uploads\/2017\/06\/14-11-Das-gute-St\u00fcck-\u00a9Jan-Schmiedel-227x300.jpg 227w, https:\/\/theresabachler.com\/wp-content\/uploads\/2017\/06\/14-11-Das-gute-St\u00fcck-\u00a9Jan-Schmiedel-768x1016.jpg 768w, https:\/\/theresabachler.com\/wp-content\/uploads\/2017\/06\/14-11-Das-gute-St\u00fcck-\u00a9Jan-Schmiedel-774x1024.jpg 774w, https:\/\/theresabachler.com\/wp-content\/uploads\/2017\/06\/14-11-Das-gute-St\u00fcck-\u00a9Jan-Schmiedel-113x150.jpg 113w\" sizes=\"(max-width: 608px) 100vw, 608px\" \/><\/p>\n<p><img decoding=\"async\" loading=\"lazy\" class=\"alignnone wp-image-167\" src=\"http:\/\/theresabachler.com\/wp-content\/uploads\/2017\/06\/14-07-Glamour-\u00a9Jan-Schmiedel.jpg\" alt=\"\" width=\"609\" height=\"806\" srcset=\"https:\/\/theresabachler.com\/wp-content\/uploads\/2017\/06\/14-07-Glamour-\u00a9Jan-Schmiedel.jpg 2454w, https:\/\/theresabachler.com\/wp-content\/uploads\/2017\/06\/14-07-Glamour-\u00a9Jan-Schmiedel-227x300.jpg 227w, https:\/\/theresabachler.com\/wp-content\/uploads\/2017\/06\/14-07-Glamour-\u00a9Jan-Schmiedel-768x1016.jpg 768w, https:\/\/theresabachler.com\/wp-content\/uploads\/2017\/06\/14-07-Glamour-\u00a9Jan-Schmiedel-774x1024.jpg 774w, https:\/\/theresabachler.com\/wp-content\/uploads\/2017\/06\/14-07-Glamour-\u00a9Jan-Schmiedel-113x150.jpg 113w\" sizes=\"(max-width: 609px) 100vw, 609px\" \/><\/p>\n<p><img decoding=\"async\" loading=\"lazy\" class=\"alignnone wp-image-168\" src=\"http:\/\/theresabachler.com\/wp-content\/uploads\/2017\/06\/14-08-Flieg-davon-\u00a9Jan-Schmiedel.jpg\" alt=\"\" width=\"609\" height=\"806\" srcset=\"https:\/\/theresabachler.com\/wp-content\/uploads\/2017\/06\/14-08-Flieg-davon-\u00a9Jan-Schmiedel.jpg 2454w, https:\/\/theresabachler.com\/wp-content\/uploads\/2017\/06\/14-08-Flieg-davon-\u00a9Jan-Schmiedel-227x300.jpg 227w, https:\/\/theresabachler.com\/wp-content\/uploads\/2017\/06\/14-08-Flieg-davon-\u00a9Jan-Schmiedel-768x1016.jpg 768w, https:\/\/theresabachler.com\/wp-content\/uploads\/2017\/06\/14-08-Flieg-davon-\u00a9Jan-Schmiedel-774x1024.jpg 774w, https:\/\/theresabachler.com\/wp-content\/uploads\/2017\/06\/14-08-Flieg-davon-\u00a9Jan-Schmiedel-113x150.jpg 113w\" sizes=\"(max-width: 609px) 100vw, 609px\" \/><\/p>\n<p>\u00a0<\/p>\n<p>FOR <strong>EAZY MAGAZINE :\u00a0<\/strong>CONCEPT, DESIGN AND STYLING\/ ALL PICTURES COPYRIGHT BY ROSSNERMILETIC<\/p>\n<p><img decoding=\"async\" loading=\"lazy\" class=\"alignnone size-full wp-image-219\" src=\"http:\/\/theresabachler.com\/wp-content\/uploads\/2017\/06\/8.pureEazy1-1.jpg\" alt=\"\" width=\"4961\" height=\"3508\" srcset=\"https:\/\/theresabachler.com\/wp-content\/uploads\/2017\/06\/8.pureEazy1-1.jpg 4961w, https:\/\/theresabachler.com\/wp-content\/uploads\/2017\/06\/8.pureEazy1-1-300x212.jpg 300w, https:\/\/theresabachler.com\/wp-content\/uploads\/2017\/06\/8.pureEazy1-1-768x543.jpg 768w, https:\/\/theresabachler.com\/wp-content\/uploads\/2017\/06\/8.pureEazy1-1-1024x724.jpg 1024w, https:\/\/theresabachler.com\/wp-content\/uploads\/2017\/06\/8.pureEazy1-1-150x106.jpg 150w\" sizes=\"(max-width: 4961px) 100vw, 4961px\" \/><\/p>\n<p><img decoding=\"async\" loading=\"lazy\" class=\"alignnone size-full wp-image-173\" src=\"http:\/\/theresabachler.com\/wp-content\/uploads\/2017\/06\/10.pureEazy3.jpg\" alt=\"\" width=\"4961\" height=\"3508\" srcset=\"https:\/\/theresabachler.com\/wp-content\/uploads\/2017\/06\/10.pureEazy3.jpg 4961w, https:\/\/theresabachler.com\/wp-content\/uploads\/2017\/06\/10.pureEazy3-300x212.jpg 300w, https:\/\/theresabachler.com\/wp-content\/uploads\/2017\/06\/10.pureEazy3-768x543.jpg 768w, https:\/\/theresabachler.com\/wp-content\/uploads\/2017\/06\/10.pureEazy3-1024x724.jpg 1024w, https:\/\/theresabachler.com\/wp-content\/uploads\/2017\/06\/10.pureEazy3-150x106.jpg 150w\" sizes=\"(max-width: 4961px) 100vw, 4961px\" \/><\/p>\n<p><img decoding=\"async\" loading=\"lazy\" class=\"alignnone size-full wp-image-174\" src=\"http:\/\/theresabachler.com\/wp-content\/uploads\/2017\/06\/11.pureEazy4.jpg\" alt=\"\" width=\"4961\" height=\"3508\" srcset=\"https:\/\/theresabachler.com\/wp-content\/uploads\/2017\/06\/11.pureEazy4.jpg 4961w, https:\/\/theresabachler.com\/wp-content\/uploads\/2017\/06\/11.pureEazy4-300x212.jpg 300w, https:\/\/theresabachler.com\/wp-content\/uploads\/2017\/06\/11.pureEazy4-768x543.jpg 768w, https:\/\/theresabachler.com\/wp-content\/uploads\/2017\/06\/11.pureEazy4-1024x724.jpg 1024w, https:\/\/theresabachler.com\/wp-content\/uploads\/2017\/06\/11.pureEazy4-150x106.jpg 150w\" sizes=\"(max-width: 4961px) 100vw, 4961px\" \/><\/p>\n<p><img decoding=\"async\" loading=\"lazy\" class=\"alignnone size-full wp-image-172\" src=\"http:\/\/theresabachler.com\/wp-content\/uploads\/2017\/06\/9.pureEazy2.jpg\" alt=\"\" width=\"4961\" height=\"3508\" srcset=\"https:\/\/theresabachler.com\/wp-content\/uploads\/2017\/06\/9.pureEazy2.jpg 4961w, https:\/\/theresabachler.com\/wp-content\/uploads\/2017\/06\/9.pureEazy2-300x212.jpg 300w, https:\/\/theresabachler.com\/wp-content\/uploads\/2017\/06\/9.pureEazy2-768x543.jpg 768w, https:\/\/theresabachler.com\/wp-content\/uploads\/2017\/06\/9.pureEazy2-1024x724.jpg 1024w, https:\/\/theresabachler.com\/wp-content\/uploads\/2017\/06\/9.pureEazy2-150x106.jpg 150w\" sizes=\"(max-width: 4961px) 100vw, 4961px\" \/><\/p>","protected":false},"excerpt":{"rendered":"<p>FOR THE ESBG.AT (Erste Burgenl\u00e4ndische Siedlungsgenossenschaft) ARTICLES CLICK HERE. FOR THE LUISA CERANO WEB-CONTENT CLICK HERE. FOR THE PRYM.DE DIY-PROJECTS CLICK HERE. FOR THE\u00a0INSTYLE.DE ARTICLES CLICK HERE. FOR STYLIGHT ARTICLES CLICK HERE. FOR CHRISTOPHERUS VERLAG: CONCEPTION, DESIGN; REALIZATION, DESCRIPTION, PATTERNMAKING AND STEP BY STEP PICTURES \u00a0 FOR PASSION PAC\/KaDeWe: PRODUCT DESIGN \u00a0 FOR ELNA N\u00c4HMASCHINEN [&hellip;]<\/p>\n","protected":false},"author":1,"featured_media":0,"parent":0,"menu_order":0,"comment_status":"closed","ping_status":"closed","template":"","meta":[],"_links":{"self":[{"href":"https:\/\/theresabachler.com\/index.php?rest_route=\/wp\/v2\/pages\/23"}],"collection":[{"href":"https:\/\/theresabachler.com\/index.php?rest_route=\/wp\/v2\/pages"}],"about":[{"href":"https:\/\/theresabachler.com\/index.php?rest_route=\/wp\/v2\/types\/page"}],"author":[{"embeddable":true,"href":"https:\/\/theresabachler.com\/index.php?rest_route=\/wp\/v2\/users\/1"}],"replies":[{"embeddable":true,"href":"https:\/\/theresabachler.com\/index.php?rest_route=%2Fwp%2Fv2%2Fcomments&post=23"}],"version-history":[{"count":41,"href":"https:\/\/theresabachler.com\/index.php?rest_route=\/wp\/v2\/pages\/23\/revisions"}],"predecessor-version":[{"id":360,"href":"https:\/\/theresabachler.com\/index.php?rest_route=\/wp\/v2\/pages\/23\/revisions\/360"}],"wp:attachment":[{"href":"https:\/\/theresabachler.com\/index.php?rest_route=%2Fwp%2Fv2%2Fmedia&parent=23"}],"curies":[{"name":"wp","href":"https:\/\/api.w.org\/{rel}","templated":true}]}}